{"id":451,"date":"2026-01-17T15:24:00","date_gmt":"2026-01-17T15:24:00","guid":{"rendered":"https:\/\/hvar.media\/?page_id=451"},"modified":"2026-02-07T15:34:32","modified_gmt":"2026-02-07T15:34:32","slug":"about-us","status":"publish","type":"page","link":"https:\/\/hvar.media\/hr\/about-us\/","title":{"rendered":"O NAMA"},"content":{"rendered":"<div data-elementor-type=\"wp-page\" data-elementor-id=\"451\" class=\"elementor elementor-451\">\n\t\t\t\t<div class=\"elementor-element elementor-element-dc06a10 e-con-full e-flex e-con e-parent\" data-id=\"dc06a10\" data-element_type=\"container\" data-settings=\"{&quot;background_background&quot;:&quot;video&quot;,&quot;background_video_link&quot;:&quot;https:\\\/\\\/hvar.media\\\/wp-content\\\/uploads\\\/2026\\\/02\\\/Hero_banner_ueber_uns.mp4&quot;,&quot;background_play_on_mobile&quot;:&quot;yes&quot;}\">\n\t\t<div class=\"elementor-background-video-container\" aria-hidden=\"true\">\n\t\t\t\t\t\t\t<video class=\"elementor-background-video-hosted\" autoplay muted playsinline loop><\/video>\n\t\t\t\t\t<\/div><div class=\"elementor-element elementor-element-a75b0e6 e-con-full e-flex e-con e-child\" data-id=\"a75b0e6\" data-element_type=\"container\">\n\t\t<div class=\"elementor-element elementor-element-4e1f47a e-con-full e-flex e-con e-child\" data-id=\"4e1f47a\" data-element_type=\"container\">\n\t\t\t\t<div class=\"elementor-element elementor-element-207ad47 elementor-widget elementor-widget-heading\" data-id=\"207ad47\" data-element_type=\"widget\" data-widget_type=\"heading.default\">\n\t\t\t\t\t<h2 class=\"elementor-heading-title elementor-size-default\">O NAMA<\/h2>\t\t\t\t<\/div>\n\t\t\t\t<\/div>\n\t\t<div class=\"elementor-element elementor-element-9c8a8ee e-con-full e-flex e-con e-child\" data-id=\"9c8a8ee\" data-element_type=\"container\">\n\t\t\t\t<div class=\"elementor-element elementor-element-1301fe1 elementor-widget elementor-widget-heading\" data-id=\"1301fe1\" data-element_type=\"widget\" data-widget_type=\"heading.default\">\n\t\t\t\t\t<h2 class=\"elementor-heading-title elementor-size-default\">Strast, kreativnost, na\u0161a duboka povezanost s Hrvatskom i oto\u010dnim na\u010dinom \u017eivota - <\/h2>\t\t\t\t<\/div>\n\t\t\t\t<div class=\"elementor-element elementor-element-83f182f elementor-widget elementor-widget-heading\" data-id=\"83f182f\" data-element_type=\"widget\" data-widget_type=\"heading.default\">\n\t\t\t\t\t<h2 class=\"elementor-heading-title elementor-size-default\">to nas pokre\u0107e. <\/h2>\t\t\t\t<\/div>\n\t\t<div class=\"elementor-element elementor-element-dab8be0 e-con-full e-flex e-con e-child\" data-id=\"dab8be0\" data-element_type=\"container\">\n\t\t\t\t<\/div>\n\t\t\t\t<\/div>\n\t\t\t\t<\/div>\n\t\t\t\t<\/div>\n\t\t<div class=\"elementor-element elementor-element-0e02033 e-flex e-con-boxed e-con e-parent\" data-id=\"0e02033\" data-element_type=\"container\" data-settings=\"{&quot;background_background&quot;:&quot;classic&quot;}\">\n\t\t\t\t\t<div class=\"e-con-inner\">\n\t\t\t\t<div class=\"elementor-element elementor-element-951b9d9 elementor-widget__width-initial elementor-widget elementor-widget-menu-anchor\" data-id=\"951b9d9\" data-element_type=\"widget\" data-widget_type=\"menu-anchor.default\">\n\t\t\t\t\t\t\t<div class=\"elementor-menu-anchor\" id=\"Our_Services\"><\/div>\n\t\t\t\t\t\t<\/div>\n\t\t<div class=\"elementor-element elementor-element-e6c9be1 e-con-full e-flex e-con e-child\" data-id=\"e6c9be1\" data-element_type=\"container\">\n\t\t\t\t<div class=\"elementor-element elementor-element-43001f2 elementor-widget elementor-widget-heading\" data-id=\"43001f2\" data-element_type=\"widget\" data-widget_type=\"heading.default\">\n\t\t\t\t\t<h2 class=\"elementor-heading-title elementor-size-default\">Cijenimo rad na osobnoj razini i odr\u017eavanje prijateljskih odnosa s na\u0161im poslovnim partnerima. <\/h2>\t\t\t\t<\/div>\n\t\t<div class=\"elementor-element elementor-element-68bea07 e-con-full e-flex e-con e-child\" data-id=\"68bea07\" data-element_type=\"container\">\n\t\t\t\t<div class=\"elementor-element elementor-element-920090e elementor-widget elementor-widget-text-editor\" data-id=\"920090e\" data-element_type=\"widget\" data-widget_type=\"text-editor.default\">\n\t\t\t\t\t\t\t\t\t<p>Tijekom na\u0161ih desetlje\u0107a rada u me\u0111unarodnim tvrtkama uspjeli smo ste\u0107i bogato iskustvo u podru\u010dju marketinga i komunikacije.<\/p><p>Sada smo odlu\u010dili voditi obiteljski posao \u2013 koji se sastoji od moje supruge Sonja, mene Sven, nekoliko slobodnih suradnika i izvrsne mre\u017ee dobavlja\u010da.<\/p>\t\t\t\t\t\t\t\t<\/div>\n\t\t\t\t<div class=\"elementor-element elementor-element-beddce9 elementor-widget elementor-widget-image\" data-id=\"beddce9\" data-element_type=\"widget\" data-widget_type=\"image.default\">\n\t\t\t\t\t\t\t\t\t\t\t\t\t\t\t<img fetchpriority=\"high\" decoding=\"async\" width=\"800\" height=\"450\" src=\"https:\/\/hvar.media\/wp-content\/uploads\/2026\/02\/20250531_193725-800x450.jpg\" class=\"attachment-ocean-thumb-ml size-ocean-thumb-ml wp-image-1909\" alt=\"\" \/>\t\t\t\t\t\t\t\t\t\t\t\t\t\t\t<\/div>\n\t\t\t\t<div class=\"elementor-element elementor-element-589f5fd elementor-widget elementor-widget-text-editor\" data-id=\"589f5fd\" data-element_type=\"widget\" data-widget_type=\"text-editor.default\">\n\t\t\t\t\t\t\t\t\t<p>Ve\u0107 dugi niz godina ve\u0107inu godine provodimo na Hvaru, rade\u0107i i \u017eive\u0107i u na\u0161oj ku\u0107i i uredu u Vrboski. Ako nismo na otoku, \u017eivimo u prekrasnoj Bavarskoj u Njema\u010dkoj, na rubu Alpa.<\/p>\t\t\t\t\t\t\t\t<\/div>\n\t\t\t\t<\/div>\n\t\t<div class=\"elementor-element elementor-element-64535fc e-con-full e-flex e-con e-child\" data-id=\"64535fc\" data-element_type=\"container\">\n\t\t\t\t<div class=\"elementor-element elementor-element-f2f1c75 elementor-widget elementor-widget-text-editor\" data-id=\"f2f1c75\" data-element_type=\"widget\" data-widget_type=\"text-editor.default\">\n\t\t\t\t\t\t\t\t\t<p>Imamo blizak i prijateljski kontakt s mnogim mje\u0161tanima i poznajemo regiju izme\u0111u Splita, makarske rivijere, Bra\u010da, Hvara, Visa i Kor\u010dule kao vlastitu ruku.<\/p><p>Govorimo njema\u010dki, engleski i malo hrvatskog (svaki dan sve vi\u0161e \ud83d\ude42), pokretni smo i rado \u0107emo do\u0107i k vama na\u0161im motornim \u010damcem ili automobilom na prvi sastanak.<\/p>\t\t\t\t\t\t\t\t<\/div>\n\t\t\t\t<\/div>\n\t\t\t\t<\/div>\n\t\t\t\t\t<\/div>\n\t\t\t\t<\/div>\n\t\t<div class=\"elementor-element elementor-element-3cd342d e-flex e-con-boxed e-con e-parent\" data-id=\"3cd342d\" data-element_type=\"container\" data-settings=\"{&quot;background_background&quot;:&quot;classic&quot;}\">\n\t\t\t\t\t<div class=\"e-con-inner\">\n\t\t<div class=\"elementor-element elementor-element-c08fce9 e-con-full e-flex e-con e-child\" data-id=\"c08fce9\" data-element_type=\"container\">\n\t\t\t\t<div class=\"elementor-element elementor-element-ad2f5fd elementor-widget elementor-widget-heading\" data-id=\"ad2f5fd\" data-element_type=\"widget\" data-widget_type=\"heading.default\">\n\t\t\t\t\t<h2 class=\"elementor-heading-title elementor-size-default\">Radujemo se suradnji s vama, kao \u0161to smo to ve\u0107 \u010dinili s mnogima.<\/h2>\t\t\t\t<\/div>\n\t\t\t\t<\/div>\n\t\t<div class=\"elementor-element elementor-element-eafc6e6 e-flex e-con-boxed e-con e-child\" data-id=\"eafc6e6\" data-element_type=\"container\" data-settings=\"{&quot;background_background&quot;:&quot;classic&quot;}\">\n\t\t\t\t\t<div class=\"e-con-inner\">\n\t\t\t\t<div class=\"elementor-element elementor-element-1ea810a elementor-view-default elementor-widget elementor-widget-icon\" data-id=\"1ea810a\" data-element_type=\"widget\" data-widget_type=\"icon.default\">\n\t\t\t\t\t\t\t<div class=\"elementor-icon-wrapper\">\n\t\t\t<div class=\"elementor-icon\">\n\t\t\t<svg aria-hidden=\"true\" class=\"e-font-icon-svg e-fas-ship\" viewbox=\"0 0 640 512\" xmlns=\"http:\/\/www.w3.org\/2000\/svg\"><path d=\"M496.616 372.639l70.012-70.012c16.899-16.9 9.942-45.771-12.836-53.092L512 236.102V96c0-17.673-14.327-32-32-32h-64V24c0-13.255-10.745-24-24-24H248c-13.255 0-24 10.745-24 24v40h-64c-17.673 0-32 14.327-32 32v140.102l-41.792 13.433c-22.753 7.313-29.754 36.173-12.836 53.092l70.012 70.012C125.828 416.287 85.587 448 24 448c-13.255 0-24 10.745-24 24v16c0 13.255 10.745 24 24 24 61.023 0 107.499-20.61 143.258-59.396C181.677 487.432 216.021 512 256 512h128c39.979 0 74.323-24.568 88.742-59.396C508.495 491.384 554.968 512 616 512c13.255 0 24-10.745 24-24v-16c0-13.255-10.745-24-24-24-60.817 0-101.542-31.001-119.384-75.361zM192 128h256v87.531l-118.208-37.995a31.995 31.995 0 0 0-19.584 0L192 215.531V128z\"><\/path><\/svg>\t\t\t<\/div>\n\t\t<\/div>\n\t\t\t\t\t\t<\/div>\n\t\t\t\t<div class=\"elementor-element elementor-element-c0b575d elementor-widget elementor-widget-text-editor\" data-id=\"c0b575d\" data-element_type=\"widget\" data-widget_type=\"text-editor.default\">\n\t\t\t\t\t\t\t\t\t<p><span style=\"text-decoration: underline;\">Na\u0161 najnoviji klijent<\/span><\/p><p><strong>D&amp;R Boat Rentals<\/strong><br \/>Iznajmljivanje brodova i ku\u0107a za odmor<\/p>\t\t\t\t\t\t\t\t<\/div>\n\t\t<div class=\"elementor-element elementor-element-ccf8c62 e-con-full e-flex e-con e-child\" data-id=\"ccf8c62\" data-element_type=\"container\" data-settings=\"{&quot;background_background&quot;:&quot;classic&quot;}\">\n\t\t\t\t<div class=\"elementor-element elementor-element-79cf7b7 elementor-widget elementor-widget-button\" data-id=\"79cf7b7\" data-element_type=\"widget\" data-widget_type=\"button.default\">\n\t\t\t\t\t\t\t\t\t\t<a class=\"elementor-button elementor-button-link elementor-size-sm\" href=\"https:\/\/hvar-rent-boat.com\/\" target=\"_blank\">\n\t\t\t\t\t\t<span class=\"elementor-button-content-wrapper\">\n\t\t\t\t\t\t<span class=\"elementor-button-icon\">\n\t\t\t\t<svg aria-hidden=\"true\" class=\"e-font-icon-svg e-fas-arrow-circle-right\" viewbox=\"0 0 512 512\" xmlns=\"http:\/\/www.w3.org\/2000\/svg\"><path d=\"M256 8c137 0 248 111 248 248S393 504 256 504 8 393 8 256 119 8 256 8zm-28.9 143.6l75.5 72.4H120c-13.3 0-24 10.7-24 24v16c0 13.3 10.7 24 24 24h182.6l-75.5 72.4c-9.7 9.3-9.9 24.8-.4 34.3l11 10.9c9.4 9.4 24.6 9.4 33.9 0L404.3 273c9.4-9.4 9.4-24.6 0-33.9L271.6 106.3c-9.4-9.4-24.6-9.4-33.9 0l-11 10.9c-9.5 9.6-9.3 25.1.4 34.4z\"><\/path><\/svg>\t\t\t<\/span>\n\t\t\t\t\t\t\t\t<\/span>\n\t\t\t\t\t<\/a>\n\t\t\t\t\t\t\t\t<\/div>\n\t\t\t\t<\/div>\n\t\t\t\t\t<\/div>\n\t\t\t\t<\/div>\n\t\t\t\t\t<\/div>\n\t\t\t\t<\/div>\n\t\t<div class=\"elementor-element elementor-element-618034b e-flex e-con-boxed e-con e-parent\" data-id=\"618034b\" data-element_type=\"container\" data-settings=\"{&quot;background_background&quot;:&quot;classic&quot;}\">\n\t\t\t\t\t<div class=\"e-con-inner\">\n\t\t\t\t<div class=\"elementor-element elementor-element-e329684 elementor-widget elementor-widget-menu-anchor\" data-id=\"e329684\" data-element_type=\"widget\" data-widget_type=\"menu-anchor.default\">\n\t\t\t\t\t\t\t<div class=\"elementor-menu-anchor\" id=\"contact_form\"><\/div>\n\t\t\t\t\t\t<\/div>\n\t\t\t\t<div class=\"elementor-element elementor-element-81a65ff elementor-widget elementor-widget-heading\" data-id=\"81a65ff\" data-element_type=\"widget\" data-widget_type=\"heading.default\">\n\t\t\t\t\t<h2 class=\"elementor-heading-title elementor-size-default\">Hajdemo razgovarati.<\/h2>\t\t\t\t<\/div>\n\t\t\t\t<div class=\"elementor-element elementor-element-641ae0c elementor-widget elementor-widget-oew-wpforms\" data-id=\"641ae0c\" data-element_type=\"widget\" data-widget_type=\"oew-wpforms.default\">\n\t\t\t\t<div class=\"elementor-widget-container\">\n\t\t\t\t\t<div class=\"wpforms-container wpforms-container-full wpforms-render-modern\" id=\"wpforms-1818\"><form id=\"wpforms-form-1818\" class=\"wpforms-validate wpforms-form wpforms-ajax-form\" data-formid=\"1818\" method=\"post\" enctype=\"multipart\/form-data\" action=\"\/hr\/about-us\/\" data-token=\"732b53878562473bf7284c47f939c845\" data-token-time=\"1777024209\" data-trp-original-action=\"\/about-us\/\"><noscript class=\"wpforms-error-noscript\">Please enable JavaScript in your browser to complete this form.<\/noscript><div id=\"wpforms-error-noscript\" style=\"display: none;\">Please enable JavaScript in your browser to complete this form.<\/div><div class=\"wpforms-field-container\"><div id=\"wpforms-1818-field_0-container\" class=\"wpforms-field wpforms-field-name\" data-field-id=\"0\"><fieldset><legend class=\"wpforms-field-label\">Ime <span class=\"wpforms-required-label\" aria-hidden=\"true\">*<\/span><\/legend><div class=\"wpforms-field-row wpforms-field-medium\"><div class=\"wpforms-field-row-block wpforms-first wpforms-one-half\"><input type=\"text\" id=\"wpforms-1818-field_0\" class=\"wpforms-field-name-first wpforms-field-required\" name=\"wpforms[fields][0][first]\" aria-errormessage=\"wpforms-1818-field_0-error\" required><label for=\"wpforms-1818-field_0\" class=\"wpforms-field-sublabel after\">First<\/label><\/div><div class=\"wpforms-field-row-block wpforms-one-half\"><input type=\"text\" id=\"wpforms-1818-field_0-last\" class=\"wpforms-field-name-last wpforms-field-required\" name=\"wpforms[fields][0][last]\" aria-errormessage=\"wpforms-1818-field_0-last-error\" required><label for=\"wpforms-1818-field_0-last\" class=\"wpforms-field-sublabel after\">Last<\/label><\/div><\/div><\/fieldset><\/div>\t\t<div id=\"wpforms-1818-field_3-container\"\n\t\t\tclass=\"wpforms-field wpforms-field-text\"\n\t\t\tdata-field-type=\"text\"\n\t\t\tdata-field-id=\"3\"\n\t\t\t>\n\t\t\t<label class=\"wpforms-field-label\" for=\"wpforms-1818-field_3\" >else What you<\/label>\n\t\t\t<input type=\"text\" id=\"wpforms-1818-field_3\" class=\"wpforms-field-medium\" name=\"wpforms[fields][3]\" >\n\t\t<\/div>\n\t\t<div id=\"wpforms-1818-field_1-container\" class=\"wpforms-field wpforms-field-email\" data-field-id=\"1\"><label class=\"wpforms-field-label\" for=\"wpforms-1818-field_1\">E-po\u0161ta <span class=\"wpforms-required-label\" aria-hidden=\"true\">*<\/span><\/label><input type=\"email\" id=\"wpforms-1818-field_1\" class=\"wpforms-field-medium wpforms-field-required\" name=\"wpforms[fields][1]\" spellcheck=\"false\" aria-errormessage=\"wpforms-1818-field_1-error\" required><\/div><div id=\"wpforms-1818-field_5-container\" class=\"wpforms-field wpforms-field-email\" data-field-id=\"5\"><label class=\"wpforms-field-label\" for=\"wpforms-1818-field_5\">Dodatna opcija za kontakt<\/label><input type=\"email\" id=\"wpforms-1818-field_5\" class=\"wpforms-field-medium\" name=\"wpforms[fields][5]\" spellcheck=\"false\" aria-errormessage=\"wpforms-1818-field_5-error\" ><\/div><div id=\"wpforms-1818-field_4-container\" class=\"wpforms-field wpforms-field-select wpforms-field-select-style-modern\" data-field-id=\"4\"><label class=\"wpforms-field-label\" for=\"wpforms-1818-field_4\">Koja vas usluga zanima? <span class=\"wpforms-required-label\" aria-hidden=\"true\">*<\/span><\/label><select id=\"wpforms-1818-field_4\" class=\"wpforms-field-medium wpforms-field-required choicesjs-select\" data-size-class=\"wpforms-field-row wpforms-field-medium\" data-search-enabled=\"\" name=\"wpforms[fields][4]\" required=\"required\"><option value=\"\" class=\"placeholder\" disabled selected='selected'>- Please select -<\/option><option value=\"Web-Presence\"  class=\"choice-1 depth-1\"  >Web-Presence<\/option><option value=\"306 \u00b0 Tour\"  class=\"choice-2 depth-1\"  >306 \u00b0 Tour<\/option><option value=\"Print Materials\"  class=\"choice-3 depth-1\"  >Print Materials<\/option><option value=\"Other inquiries\"  class=\"choice-4 depth-1\"  >Other inquiries<\/option><\/select><\/div><div id=\"wpforms-1818-field_2-container\" class=\"wpforms-field wpforms-field-textarea\" data-field-id=\"2\"><label class=\"wpforms-field-label\" for=\"wpforms-1818-field_2\">\u0160to biste nam jo\u0161 \u017eeljeli re\u0107i?<\/label><textarea id=\"wpforms-1818-field_2\" class=\"wpforms-field-medium\" name=\"wpforms[fields][2]\" aria-errormessage=\"wpforms-1818-field_2-error\" ><\/textarea><\/div><script>\n\t\t\t\t( function() {\n\t\t\t\t\tconst style = document.createElement( 'style' );\n\t\t\t\t\tstyle.appendChild( document.createTextNode( '#wpforms-1818-field_3-container { position: absolute !important; overflow: hidden !important; display: inline !important; height: 1px !important; width: 1px !important; z-index: -1000 !important; padding: 0 !important; } #wpforms-1818-field_3-container input { visibility: hidden; } #wpforms-conversational-form-page #wpforms-1818-field_3-container label { counter-increment: none; }' ) );\n\t\t\t\t\tdocument.head.appendChild( style );\n\t\t\t\t\tdocument.currentScript?.remove();\n\t\t\t\t} )();\n\t\t\t<\/script><\/div><!-- .wpforms-field-container --><div class=\"wpforms-submit-container\" ><input type=\"hidden\" name=\"wpforms[id]\" value=\"1818\"><input type=\"hidden\" name=\"page_title\" value=\"ABOUT US\"><input type=\"hidden\" name=\"page_url\" value=\"https:\/\/hvar.media\/about-us\/\"><input type=\"hidden\" name=\"url_referer\" value=\"\"><input type=\"hidden\" name=\"page_id\" value=\"451\"><input type=\"hidden\" name=\"wpforms[post_id]\" value=\"451\"><button type=\"submit\" name=\"wpforms[submit]\" id=\"wpforms-submit-1818\" class=\"wpforms-submit\" data-alt-text=\"Sending...\" data-submit-text=\"Submit my message\" aria-live=\"assertive\" value=\"wpforms-submit\">Po\u0161alji moju poruku<\/button><img decoding=\"async\" src=\"https:\/\/hvar.media\/wp-content\/plugins\/wpforms-lite\/assets\/images\/submit-spin.svg\" class=\"wpforms-submit-spinner\" style=\"display: none;\" width=\"26\" height=\"26\" alt=\"Loading\"><\/div><input type=\"hidden\" name=\"trp-form-language\" value=\"hr\"\/><\/form><\/div>  <!-- .wpforms-container -->\t\t\t\t<\/div>\n\t\t\t\t<\/div>\n\t\t\t\t\t<\/div>\n\t\t\t\t<\/div>\n\t\t<div class=\"elementor-element elementor-element-da59af1 e-flex e-con-boxed e-con e-parent\" data-id=\"da59af1\" data-element_type=\"container\" data-settings=\"{&quot;background_background&quot;:&quot;classic&quot;}\">\n\t\t\t\t\t<div class=\"e-con-inner\">\n\t\t<div class=\"elementor-element elementor-element-72d8cca e-con-full e-flex e-con e-child\" data-id=\"72d8cca\" data-element_type=\"container\">\n\t\t\t\t<div class=\"elementor-element elementor-element-83eef44 elementor-widget elementor-widget-heading\" data-id=\"83eef44\" data-element_type=\"widget\" data-widget_type=\"heading.default\">\n\t\t\t\t\t<h2 class=\"elementor-heading-title elementor-size-default\">Ili do\u0111ite posjetiti nas. Nalazimo se ovdje, to\u010dno nasuprot marini u Vrboski.<\/h2>\t\t\t\t<\/div>\n\t\t\t\t<\/div>\n\t\t\t\t\t<\/div>\n\t\t\t\t<\/div>\n\t\t<div class=\"elementor-element elementor-element-075209a e-con-full e-flex e-con e-parent\" data-id=\"075209a\" data-element_type=\"container\" data-settings=\"{&quot;background_background&quot;:&quot;classic&quot;}\">\n\t\t\t\t<div class=\"elementor-element elementor-element-0e8c6b4 elementor-widget elementor-widget-oew-google-map\" data-id=\"0e8c6b4\" data-element_type=\"widget\" data-settings=\"{&quot;map_type&quot;:&quot;roadmap&quot;,&quot;map_option_streeview&quot;:&quot;yes&quot;,&quot;map_type_control&quot;:&quot;yes&quot;,&quot;zoom_control&quot;:&quot;yes&quot;,&quot;fullscreen_control&quot;:&quot;yes&quot;,&quot;map_scroll_zoom&quot;:&quot;yes&quot;}\" data-widget_type=\"oew-google-map.default\">\n\t\t\t\t<div class=\"elementor-widget-container\">\n\t\t\t\t\t\n\t    <div class=\"oew-google-map-wrap\">\n\t        <div id=\"oew-google-map-0e8c6b4\" class=\"oew-google-map\" data-zoom=\"10\" data-iw-max-width=\"240\" data-locations=\"[[&quot;43.180446&quot;,&quot;16.677149&quot;,&quot;yes&quot;,&quot;Hvar Media Services, Vrboska 61, 21463 Vrboska&quot;,&quot;&quot;,&quot;&quot;,&quot;&quot;,&quot;&quot;,&quot;&quot;]]\"><\/div>\n\t    <\/div>\n\n\t\t\t\t\t<\/div>\n\t\t\t\t<\/div>\n\t\t\t\t<\/div>\n\t\t\t\t<\/div>","protected":false},"excerpt":{"rendered":"<p>ABOUT US Passion, creativity, our deep connetion to Croatia and the island lifestyle \u2013 this is what drives us. We value working on a personal level and maintaining friendly relationships with our business partners. During our decades of working in international companies, we have been able to build up extensive experience in the field of [&hellip;]<\/p>","protected":false},"author":1,"featured_media":0,"parent":0,"menu_order":0,"comment_status":"closed","ping_status":"closed","template":"elementor_header_footer","meta":{"opb_popup_content":"Popup Content","ocean_post_layout":"full-screen","ocean_both_sidebars_style":"","ocean_both_sidebars_content_width":0,"ocean_both_sidebars_sidebars_width":0,"ocean_sidebar":"","ocean_second_sidebar":"","ocean_disable_margins":"enable","ocean_add_body_class":"","ocean_shortcode_before_top_bar":"","ocean_shortcode_after_top_bar":"","ocean_shortcode_before_header":"","ocean_shortcode_after_header":"","ocean_has_shortcode":"","ocean_shortcode_after_title":"","ocean_shortcode_before_footer_widgets":"","ocean_shortcode_after_footer_widgets":"","ocean_shortcode_before_footer_bottom":"","ocean_shortcode_after_footer_bottom":"","ocean_display_top_bar":"off","ocean_display_header":"default","ocean_header_style":"","ocean_center_header_left_menu":"","ocean_custom_header_template":"","ocean_custom_logo":0,"ocean_custom_retina_logo":0,"ocean_custom_logo_max_width":0,"ocean_custom_logo_tablet_max_width":0,"ocean_custom_logo_mobile_max_width":0,"ocean_custom_logo_max_height":0,"ocean_custom_logo_tablet_max_height":0,"ocean_custom_logo_mobile_max_height":0,"ocean_header_custom_menu":"","ocean_menu_typo_font_family":"","ocean_menu_typo_font_subset":"","ocean_menu_typo_font_size":0,"ocean_menu_typo_font_size_tablet":0,"ocean_menu_typo_font_size_mobile":0,"ocean_menu_typo_font_size_unit":"px","ocean_menu_typo_font_weight":"","ocean_menu_typo_font_weight_tablet":"","ocean_menu_typo_font_weight_mobile":"","ocean_menu_typo_transform":"","ocean_menu_typo_transform_tablet":"","ocean_menu_typo_transform_mobile":"","ocean_menu_typo_line_height":0,"ocean_menu_typo_line_height_tablet":0,"ocean_menu_typo_line_height_mobile":0,"ocean_menu_typo_line_height_unit":"","ocean_menu_typo_spacing":0,"ocean_menu_typo_spacing_tablet":0,"ocean_menu_typo_spacing_mobile":0,"ocean_menu_typo_spacing_unit":"","ocean_menu_link_color":"","ocean_menu_link_color_hover":"","ocean_menu_link_color_active":"","ocean_menu_link_background":"","ocean_menu_link_hover_background":"","ocean_menu_link_active_background":"","ocean_menu_social_links_bg":"","ocean_menu_social_hover_links_bg":"","ocean_menu_social_links_color":"","ocean_menu_social_hover_links_color":"","ocean_disable_title":"on","ocean_disable_heading":"default","ocean_post_title":"","ocean_post_subheading":"","ocean_post_title_style":"","ocean_post_title_background_color":"","ocean_post_title_background":0,"ocean_post_title_bg_image_position":"","ocean_post_title_bg_image_attachment":"","ocean_post_title_bg_image_repeat":"","ocean_post_title_bg_image_size":"","ocean_post_title_height":0,"ocean_post_title_bg_overlay":0.5,"ocean_post_title_bg_overlay_color":"","ocean_disable_breadcrumbs":"default","ocean_breadcrumbs_color":"","ocean_breadcrumbs_separator_color":"","ocean_breadcrumbs_links_color":"","ocean_breadcrumbs_links_hover_color":"","ocean_display_footer_widgets":"default","ocean_display_footer_bottom":"default","ocean_custom_footer_template":"","ofc_enable_fullscreen":"disable","ofc_fullscreen_speed":1625,"ofc_fullscreen_nav":"disable","ofc_fullscreen_nav_pos":"right","ofc_fullscreen_nav_color":"","ofc_fullscreen_nav_tooltip_color":"","ofc_fullscreen_responsive":0,"osp_disable_panel":"default","osh_disable_topbar_sticky":"off","osh_disable_header_sticky":"off","osh_sticky_header_style":"default","osh_sticky_header_effect":"slide","osh_custom_sticky_logo":0,"osh_custom_retina_sticky_logo":0,"osh_custom_sticky_logo_height":0,"osh_background_color":"","osh_links_color":"","osh_links_hover_color":"","osh_links_active_color":"","osh_links_bg_color":"","osh_links_hover_bg_color":"","osh_links_active_bg_color":"","osh_menu_social_links_color":"","osh_menu_social_hover_links_color":"","footnotes":""},"class_list":["post-451","page","type-page","status-publish","hentry","entry"],"_links":{"self":[{"href":"https:\/\/hvar.media\/hr\/wp-json\/wp\/v2\/pages\/451","targetHints":{"allow":["GET"]}}],"collection":[{"href":"https:\/\/hvar.media\/hr\/wp-json\/wp\/v2\/pages"}],"about":[{"href":"https:\/\/hvar.media\/hr\/wp-json\/wp\/v2\/types\/page"}],"author":[{"embeddable":true,"href":"https:\/\/hvar.media\/hr\/wp-json\/wp\/v2\/users\/1"}],"replies":[{"embeddable":true,"href":"https:\/\/hvar.media\/hr\/wp-json\/wp\/v2\/comments?post=451"}],"version-history":[{"count":181,"href":"https:\/\/hvar.media\/hr\/wp-json\/wp\/v2\/pages\/451\/revisions"}],"predecessor-version":[{"id":2219,"href":"https:\/\/hvar.media\/hr\/wp-json\/wp\/v2\/pages\/451\/revisions\/2219"}],"wp:attachment":[{"href":"https:\/\/hvar.media\/hr\/wp-json\/wp\/v2\/media?parent=451"}],"curies":[{"name":"wp","href":"https:\/\/api.w.org\/{rel}","templated":true}]}}